{"id":1414,"date":"2025-05-25T19:46:48","date_gmt":"2025-05-25T17:46:48","guid":{"rendered":"https:\/\/www.rechtsanwalt-jaehnig.de\/wp\/?page_id=1414"},"modified":"2026-01-13T10:44:42","modified_gmt":"2026-01-13T09:44:42","slug":"anwalt-exhibitionismus-osnabrueck","status":"publish","type":"page","link":"https:\/\/www.rechtsanwalt-jaehnig.de\/wp\/anwalt-exhibitionismus-osnabrueck\/","title":{"rendered":"Exhibitionismus"},"content":{"rendered":"\n<p class=\"has-white-color has-text-color has-link-color has-small-font-size wp-elements-2d272adabeedc071280b0b8e4a294bd1\">anwalt exhibitionismus osnabr\u00fcck<\/p>\n\n\n\n<h2 class=\"wp-block-heading has-medium-font-size\">Was ist Exhibitionismus?<\/h2>\n\n\n\n<p>Exhibitionismus ist eine Tathandlung, bei der eine Person anderen gegen deren Willen ihre Geschlechtsorgane zeigt, um dadurch selbst sexuell erregt zu werden. Es geht also um das absichtliche Entbl\u00f6\u00dfen in der \u00d6ffentlichkeit, um eine Reaktion (z.\u202fB. Schreck, Ekel, \u00dcberraschung) zu provozieren \u2013 nicht um einvernehmliches Zeigen des K\u00f6rpers.<\/p>\n\n\n\n<h2 class=\"wp-block-heading has-medium-font-size\">Beispiele f\u00fcr Exhibitionismus:<\/h2>\n\n\n\n<p><strong>Entbl\u00f6\u00dfung in der \u00d6ffentlichkeit<\/strong><\/p>\n\n\n\n<p>Ein Mann steht an einem Parkweg und \u00f6ffnet pl\u00f6tzlich seinen Mantel oder die Hose, um sein Geschlechtsteil vor einer fremden Person \u2013 meist einer Frau oder einem Kind \u2013 zu zeigen.<br><\/p>\n\n\n\n<p><strong>Exhibitionismus im \u00f6ffentlichen Verkehr<\/strong><\/p>\n\n\n\n<p>In einer fast leeren U-Bahn sitzt ein Mann in einem Abteil und manipuliert sich an seinem Geschlechtsteil, w\u00e4hrend er Blickkontakt mit einer Frau h\u00e4lt.<br><\/p>\n\n\n\n<p><strong>Flashing \u00fcber Videochat<\/strong><\/p>\n\n\n\n<p>Eine Person gibt sich online als harmloser Gespr\u00e4chspartner aus und zeigt dann pl\u00f6tzlich in einem Videoanruf oder Livestream ihr Genital.<br><\/p>\n\n\n\n<p><strong>Masturbation in der \u00d6ffentlichkeit<\/strong><\/p>\n\n\n\n<p>Ein Mann steht im Geb\u00fcsch eines Schulwegs und beobachtet Sch\u00fclerinnen, w\u00e4hrend er masturbiert \u2013 ohne physischen Kontakt.<br><\/p>\n\n\n\n<h3 class=\"wp-block-heading has-medium-font-size\">Welche Strafen gibt es f\u00fcr Exhibitionismus?<\/h3>\n\n\n\n<p>Eine exhibitionistische Handlung wird mit einer Freiheitsstrafe bis zu einem Jahr oder mit Geldstrafe bestraft. <\/p>\n\n\n\n<h3 class=\"wp-block-heading has-medium-font-size\">Was tun bei einer <a href=\"https:\/\/www.rechtsanwalt-jaehnig.de\/wp\/vorladung-polizei-sexualstrafrecht-osnabrueck\/\" title=\"\">Anzeige<\/a> oder <a href=\"https:\/\/www.rechtsanwalt-jaehnig.de\/wp\/anklage-sexualstrafrecht-osnabrueck\/\" title=\"\">Anklage<\/a> wegen Exhibitionismus?<\/h3>\n\n\n\n<p>Bei einer <a href=\"https:\/\/www.rechtsanwalt-jaehnig.de\/wp\/vorladung-polizei-sexualstrafrecht-osnabrueck\/\" title=\"\">Vorladung<\/a> oder Anklage sollten Sie immer einen Strafverteidiger \/ Fachanwalt f\u00fcr Strafrecht um Rat fragen. Wir geben Ihnen eine kostenlose Ersteinsch\u00e4tzung. Je fr\u00fcher Sie zu uns Kontakt aufnehmen, desto besser k\u00f6nnen wir Sie beraten und unterst\u00fctzen.<\/p>\n\n\n\n<h4 class=\"wp-block-heading has-medium-font-size\">Hier geht es zum Gesetzestext:<\/h4>\n\n\n\n<p><a href=\"https:\/\/www.gesetze-im-internet.de\/stgb\/__183.html\">\u00a7 183 StGB &#8211; Einzelnorm<\/a><\/p>\n\n\n\n<h2 class=\"wp-block-heading has-white-color has-text-color has-link-color has-small-font-size wp-elements-f33b35b039bd36fae6af155bfb5b9871\">anwalt exhibitionismus osnabr\u00fcck<\/h2>\n","protected":false},"excerpt":{"rendered":"<p>anwalt exhibitionismus osnabr\u00fcck Was ist Exhibitionismus? Exhibitionismus ist eine Tathandlung, bei der eine Person anderen gegen deren Willen ihre Geschlechtsorgane zeigt, um dadurch selbst sexuell erregt zu werden. Es geht also um das absichtliche Entbl\u00f6\u00dfen in der \u00d6ffentlichkeit, um eine Reaktion (z.\u202fB. Schreck, Ekel, \u00dcberraschung) zu provozieren \u2013 nicht um einvernehmliches Zeigen des K\u00f6rpers. Beispiele [&hellip;]<\/p>\n","protected":false},"author":1,"featured_media":0,"parent":0,"menu_order":0,"comment_status":"closed","ping_status":"closed","template":"","meta":{"_monsterinsights_skip_tracking":false,"_monsterinsights_sitenote_active":false,"_monsterinsights_sitenote_note":"","_monsterinsights_sitenote_category":0,"footnotes":""},"class_list":["post-1414","page","type-page","status-publish","hentry"],"aioseo_notices":[],"_links":{"self":[{"href":"https:\/\/www.rechtsanwalt-jaehnig.de\/wp\/wp-json\/wp\/v2\/pages\/1414"}],"collection":[{"href":"https:\/\/www.rechtsanwalt-jaehnig.de\/wp\/wp-json\/wp\/v2\/pages"}],"about":[{"href":"https:\/\/www.rechtsanwalt-jaehnig.de\/wp\/wp-json\/wp\/v2\/types\/page"}],"author":[{"embeddable":true,"href":"https:\/\/www.rechtsanwalt-jaehnig.de\/wp\/wp-json\/wp\/v2\/users\/1"}],"replies":[{"embeddable":true,"href":"https:\/\/www.rechtsanwalt-jaehnig.de\/wp\/wp-json\/wp\/v2\/comments?post=1414"}],"version-history":[{"count":9,"href":"https:\/\/www.rechtsanwalt-jaehnig.de\/wp\/wp-json\/wp\/v2\/pages\/1414\/revisions"}],"predecessor-version":[{"id":2908,"href":"https:\/\/www.rechtsanwalt-jaehnig.de\/wp\/wp-json\/wp\/v2\/pages\/1414\/revisions\/2908"}],"wp:attachment":[{"href":"https:\/\/www.rechtsanwalt-jaehnig.de\/wp\/wp-json\/wp\/v2\/media?parent=1414"}],"curies":[{"name":"wp","href":"https:\/\/api.w.org\/{rel}","templated":true}]}}