{"id":1418,"date":"2025-05-25T19:48:02","date_gmt":"2025-05-25T17:48:02","guid":{"rendered":"https:\/\/www.rechtsanwalt-jaehnig.de\/wp\/?page_id=1418"},"modified":"2026-04-23T18:44:26","modified_gmt":"2026-04-23T16:44:26","slug":"anwalt-jugendpornografie-osnabrueck","status":"publish","type":"page","link":"https:\/\/www.rechtsanwalt-jaehnig.de\/wp\/anwalt-jugendpornografie-osnabrueck\/","title":{"rendered":"Jugendpornografie"},"content":{"rendered":"\n<p class=\"has-small-font-size\">anwalt jugendpornografie osnabr\u00fcck<\/p>\n\n\n\n<h2 class=\"wp-block-heading has-medium-font-size\">Was versteht man unter Jugendpornografie?<\/h2>\n\n\n\n<p>Jugendpornografie bezeichnet die Darstellung von sexuellen Handlungen oder nackten Jugendlichen im Alter zwischen 14 und unter 18 Jahren, wenn diese in einer pornografischen Weise erfolgt \u2013 z.\u202fB. in Bildern, Videos oder Texten. Auch wenn Jugendliche darin freiwillig mitgewirkt haben, ist die Verbreitung, der Besitz oder die Herstellung strafbar.<\/p>\n\n\n\n<p>Jugendpornografie strafbar, wenn sie:<\/p>\n\n\n\n<ul class=\"wp-block-list\">\n<li>sexuelle Handlungen von Jugendlichen zeigt,<\/li>\n\n\n\n<li>die Genitalien oder das Ges\u00e4\u00df in unnat\u00fcrlich geschlechtsbetonter Weise darstellt,<\/li>\n\n\n\n<li>in Bild, Video, Audio, Zeichnung oder Animation erfolgt.<\/li>\n<\/ul>\n\n\n\n<h2 class=\"wp-block-heading has-medium-font-size\">Beispiele f\u00fcr Jugendpornografie:<\/h2>\n\n\n\n<ul class=\"wp-block-list\">\n<li>Ein 17-J\u00e4hriger schickt seiner Freundin ein Nacktfoto, sie leitet es ohne seine Zustimmung weiter.<\/li>\n\n\n\n<li>Eine Plattform zeigt pornografische Inhalte mit Darstellern, die offensichtlich unter 18 sind.<\/li>\n\n\n\n<li>Eine Person speichert Videos, in denen 15- oder 16-J\u00e4hrige beim Sex gefilmt wurden.<\/li>\n\n\n\n<li>Auch Deepfakes oder KI-generierte Darstellungen gelten als strafbar, wenn sie realistisch erscheinen.<\/li>\n<\/ul>\n\n\n\n<h3 class=\"wp-block-heading has-medium-font-size\">Welche Strafen gibt es f\u00fcr Jugendpornografie?<\/h3>\n\n\n\n<p><strong>Besitz, Herstellung oder Weitergabe<\/strong>: bis zu <strong>3 Jahre Freiheitsstrafe<\/strong> oder Geldstrafe<\/p>\n\n\n\n<p><strong>Gewerbliche oder organisierte Verbreitung<\/strong>: bis zu <strong>5 Jahre Freiheitsstrafe<\/strong><\/p>\n\n\n\n<p><strong>Schwerer Fall oder Missbrauch von Machtverh\u00e4ltnissen<\/strong>: noch h\u00f6here Strafen m\u00f6glich<\/p>\n\n\n\n<h3 class=\"wp-block-heading has-medium-font-size\">Was tun bei einer Vorladung oder Anklage wegen Jugendpornografie?<\/h3>\n\n\n\n<p>Bei einer Vorladung oder Anklage sollten Sie immer einen Strafverteidiger \/ Fachanwalt f\u00fcr Strafrecht um Rat fragen. Wie geben Ihnen einen kostenlose Ersteinsch\u00e4tzung. Je fr\u00fcher Sie zu uns Kontakt aufnehmen, desto besser k\u00f6nnen wir Sie beraten und unterst\u00fctzen.<\/p>\n\n\n\n<h4 class=\"wp-block-heading has-medium-font-size\">Hier geht es zum Gesetzestext:<\/h4>\n\n\n\n<p><a href=\"https:\/\/www.gesetze-im-internet.de\/stgb\/__184c.html\">\u00a7 184c StGB &#8211; Einzelnorm<\/a><\/p>\n\n\n\n<h2 class=\"wp-block-heading has-black-color has-text-color has-link-color has-small-font-size wp-elements-3499969efc76dfadad55117de6a5077b\">anwalt jugendpornografie osnabr\u00fcck<\/h2>\n\n\n\n<p><\/p>\n","protected":false},"excerpt":{"rendered":"<p>anwalt jugendpornografie osnabr\u00fcck Was versteht man unter Jugendpornografie? Jugendpornografie bezeichnet die Darstellung von sexuellen Handlungen oder nackten Jugendlichen im Alter zwischen 14 und unter 18 Jahren, wenn diese in einer pornografischen Weise erfolgt \u2013 z.\u202fB. in Bildern, Videos oder Texten. Auch wenn Jugendliche darin freiwillig mitgewirkt haben, ist die Verbreitung, der Besitz oder die Herstellung [&hellip;]<\/p>\n","protected":false},"author":1,"featured_media":0,"parent":0,"menu_order":0,"comment_status":"closed","ping_status":"closed","template":"","meta":{"_monsterinsights_skip_tracking":false,"_monsterinsights_sitenote_active":false,"_monsterinsights_sitenote_note":"","_monsterinsights_sitenote_category":0,"footnotes":""},"class_list":["post-1418","page","type-page","status-publish","hentry"],"aioseo_notices":[],"_links":{"self":[{"href":"https:\/\/www.rechtsanwalt-jaehnig.de\/wp\/wp-json\/wp\/v2\/pages\/1418"}],"collection":[{"href":"https:\/\/www.rechtsanwalt-jaehnig.de\/wp\/wp-json\/wp\/v2\/pages"}],"about":[{"href":"https:\/\/www.rechtsanwalt-jaehnig.de\/wp\/wp-json\/wp\/v2\/types\/page"}],"author":[{"embeddable":true,"href":"https:\/\/www.rechtsanwalt-jaehnig.de\/wp\/wp-json\/wp\/v2\/users\/1"}],"replies":[{"embeddable":true,"href":"https:\/\/www.rechtsanwalt-jaehnig.de\/wp\/wp-json\/wp\/v2\/comments?post=1418"}],"version-history":[{"count":6,"href":"https:\/\/www.rechtsanwalt-jaehnig.de\/wp\/wp-json\/wp\/v2\/pages\/1418\/revisions"}],"predecessor-version":[{"id":2961,"href":"https:\/\/www.rechtsanwalt-jaehnig.de\/wp\/wp-json\/wp\/v2\/pages\/1418\/revisions\/2961"}],"wp:attachment":[{"href":"https:\/\/www.rechtsanwalt-jaehnig.de\/wp\/wp-json\/wp\/v2\/media?parent=1418"}],"curies":[{"name":"wp","href":"https:\/\/api.w.org\/{rel}","templated":true}]}}