{"id":46,"date":"2020-01-20T19:29:35","date_gmt":"2020-01-20T18:29:35","guid":{"rendered":"https:\/\/www.rechtsanwalt-jaehnig.de\/wp\/?page_id=46"},"modified":"2026-01-04T11:26:54","modified_gmt":"2026-01-04T10:26:54","slug":"home-2","status":"publish","type":"page","link":"https:\/\/www.rechtsanwalt-jaehnig.de\/wp\/","title":{"rendered":"&#8222;Strafrecht ist unsere Passion&#8220;"},"content":{"rendered":"\n<p>Herzlich willkommen in der<\/p>\n\n\n\n<h2 class=\"wp-block-heading\">Rechtsanwaltskanzlei<\/h2>\n\n\n\n<h2 class=\"wp-block-heading\">Peter Christian J\u00e4hnig <\/h2>\n\n\n\n<h2 class=\"wp-block-heading has-text-align-left has-normal-font-size\">                Fachanwalt f\u00fcr Strafrecht &#8211; Strafverteidiger<\/h2>\n\n\n\n<p><\/p>\n\n\n\n<h3 class=\"wp-block-heading has-normal-font-size\">Was sind die T\u00e4tigkeitsfelder dieser Rechtsanwalts-Kanzlei?<\/h3>\n\n\n\n<ul class=\"wp-block-list\">\n<li><strong><a href=\"https:\/\/www.rechtsanwalt-jaehnig.de\/wp\/anwalt-strafrecht\/\" title=\"https:\/\/www.rechtsanwalt-jaehnig.de\/wp\/strafrecht\/\">Allgemeines Strafrecht<\/a> &#8211;<\/strong> Verteidigung gegen strafrechtliche Vorw\u00fcrfe der Polizei und der Staatsanwaltschaft oder den Gerichten (<a href=\"https:\/\/www.rechtsanwalt-jaehnig.de\/wp\/anwalt-fuer-betrug-osnabrueck\/\" title=\"\">Betrug<\/a> oder <a href=\"https:\/\/www.rechtsanwalt-jaehnig.de\/wp\/anwalt-fuer-diebstahl-osnabrueck\/\" title=\"\">Diebstahl<\/a> sowie <a href=\"https:\/\/www.rechtsanwalt-jaehnig.de\/wp\/anwalt-fuer-koerperverletzung-in-osnabrueck\/\" title=\"\">K\u00f6rperverletzung<\/a> und <a href=\"https:\/\/www.rechtsanwalt-jaehnig.de\/wp\/sachbeschaedigung\/\">Sachbesch\u00e4digung<\/a>, ferner <a href=\"https:\/\/www.rechtsanwalt-jaehnig.de\/wp\/raub\/\">Raub<\/a> uvm.)<\/li>\n<\/ul>\n\n\n\n<p><\/p>\n\n\n\n<p><\/p>\n\n\n\n<ul class=\"wp-block-list\">\n<li><a href=\"https:\/\/www.rechtsanwalt-jaehnig.de\/wp\/anwalt-strafrecht-bundesweit\/\" title=\"https:\/\/www.rechtsanwalt-jaehnig.de\/wp\/btm-anwalt\/\"><strong>Schwerpunkte im Strafrecht <\/strong><\/a> &#8211; aufgrund besonderer Erfahrungen <ul><li><a href=\"https:\/\/www.rechtsanwalt-jaehnig.de\/wp\/btm-anwalt\/\" title=\"https:\/\/www.rechtsanwalt-jaehnig.de\/wp\/btm-anwalt\/\">Bet\u00e4ubungsmittelstraftaten<\/a> und <a href=\"https:\/\/www.rechtsanwalt-jaehnig.de\/wp\/anwalt-fuer-gewaltdelikte\/\" title=\"https:\/\/www.rechtsanwalt-jaehnig.de\/wp\/btm-anwalt\/\">Gewaltdelikte<\/a> sowie<\/li><\/ul>\n<ul class=\"wp-block-list\">\n<li><a href=\"https:\/\/www.rechtsanwalt-jaehnig.de\/wp\/anwalt-brandstiftungsdelikte-osnabrueck\/\" title=\"Brandstiftungsdelikte in Osnabr\u00fcck\">Brandstiftungsdelikte<\/a> ferner<\/li>\n\n\n\n<li><a href=\"https:\/\/www.rechtsanwalt-jaehnig.de\/wp\/strafverteidiger-sexualstrafrecht\/\" title=\"\">Sexualstrafrecht<\/a> und schlie\u00dflich<\/li>\n\n\n\n<li><a href=\"https:\/\/www.rechtsanwalt-jaehnig.de\/wp\/toetungsdelikte\/\">T\u00f6tungsdelikte<\/a><\/li>\n<\/ul>\n<\/li>\n<\/ul>\n\n\n\n<ul class=\"wp-block-list\">\n<li><a href=\"https:\/\/www.rechtsanwalt-jaehnig.de\/wp\/sexualstrafrecht\/\" title=\"\"><strong>Sexualstrafrecht<\/strong><\/a> &#8211; Verteidigung bei allen Sexualdelikten z.B.\n<ul class=\"wp-block-list\">\n<li><a href=\"https:\/\/www.rechtsanwalt-jaehnig.de\/wp\/vergewaltigung\/\" title=\"\">Vergewaltigung<\/a> und<\/li>\n\n\n\n<li><a href=\"https:\/\/www.rechtsanwalt-jaehnig.de\/wp\/sexuelle-belaestigung\/\" title=\"\">sexuelle Bel\u00e4stigung<\/a> sowie<\/li>\n\n\n\n<li><a href=\"https:\/\/www.rechtsanwalt-jaehnig.de\/wp\/kinderpornografie\/\" title=\"\">Kinderpornografie<\/a> und <a href=\"https:\/\/www.rechtsanwalt-jaehnig.de\/wp\/jugendpornografie\/\" title=\"\">Jugendpornografie<\/a> ferner<\/li>\n\n\n\n<li><a href=\"https:\/\/www.rechtsanwalt-jaehnig.de\/wp\/exhibitionismus\/\" title=\"\">Exhibitionismus<\/a> und vieles mehr&#8230;.<\/li>\n<\/ul>\n<\/li>\n<\/ul>\n\n\n\n<p>Wir bieten ausschlie\u00dflich die Verteidigung in Strafsachen an. Deshalb werden andere T\u00e4tigkeitsfelder von uns nicht bearbeitet. Das machen wir deshalb, damit wir uns voll dem Strafrecht widmen k\u00f6nnen.<\/p>\n\n\n\n<h3 class=\"wp-block-heading\" style=\"font-size:16px\">Warum sollten Sie sich f\u00fcr uns entscheiden?<\/h3>\n\n\n\n<p>Sie sollten sich deshalb f\u00fcr uns entscheiden, weil wir viele Jahre Berufspraxis im Strafrecht haben und uns ausschlie\u00dflich auf das Strafrecht konzentrieren. Die Kombination von Erfahrung und der Fokussierung f\u00fchrt zu einer Spezialisierung. Von dieser k\u00f6nnen und sollten Sie profitieren!<\/p>\n\n\n\n<p>                      <strong>Bei uns steht immer der Mensch im Vordergrund &#8211; und nicht die Tat<\/strong>. <\/p>\n\n\n\n<p><\/p>\n\n\n\n<p>Wir richten nicht \u00fcber Ihre Tat, wenn Sie sie denn begangen haben. Vielmehr versuchen wir f\u00fcr Sie das Beste zu erreichen. Wir stehen bei schweren Taten stets an Ihrer Seite! Auch versuchen wir immer, eine den Angeklagten beschwerende Gerichtsverhandlung zu vermeiden.<\/p>\n\n\n\n<p>Genug Gr\u00fcnde? <a href=\"https:\/\/www.rechtsanwalt-jaehnig.de\/wp\/wie-sie-uns-erreichen\/\" title=\"\">Dann kontaktieren Sie uns!<\/a><\/p>\n\n\n\n<p><br><br><\/p>\n\n\n\n<p><\/p>\n\n\n\n<figure class=\"wp-block-image size-large is-resized is-style-default\"><img loading=\"lazy\" decoding=\"async\" width=\"1024\" height=\"769\" src=\"https:\/\/www.rechtsanwalt-jaehnig.de\/wp\/wp-content\/uploads\/2021\/10\/Buero-neu-1024x769.jpg\" alt=\"Willkommen bei Rechtsanwalt J\u00e4hnig - Strafverteidiger - Fachanwalt f\u00fcr Strafrecht in Osnabr\u00fcck\" class=\"wp-image-477\" style=\"width:537px;height:403px\" srcset=\"https:\/\/www.rechtsanwalt-jaehnig.de\/wp\/wp-content\/uploads\/2021\/10\/Buero-neu-1024x769.jpg 1024w, https:\/\/www.rechtsanwalt-jaehnig.de\/wp\/wp-content\/uploads\/2021\/10\/Buero-neu-300x225.jpg 300w, https:\/\/www.rechtsanwalt-jaehnig.de\/wp\/wp-content\/uploads\/2021\/10\/Buero-neu-768x577.jpg 768w, https:\/\/www.rechtsanwalt-jaehnig.de\/wp\/wp-content\/uploads\/2021\/10\/Buero-neu-1536x1153.jpg 1536w, https:\/\/www.rechtsanwalt-jaehnig.de\/wp\/wp-content\/uploads\/2021\/10\/Buero-neu-2048x1538.jpg 2048w\" sizes=\"(max-width: 1024px) 100vw, 1024px\" \/><\/figure>\n\n\n\n<div class=\"wp-block-group alignwide\"><div class=\"wp-block-group__inner-container is-layout-flow wp-block-group-is-layout-flow\"><\/div><\/div>\n\n\n\n<div class=\"wp-block-wpzoom-blocks-social-icons is-style-without-canvas-with-label show-icon-labels-style\" style=\"--wpz-social-icons-block-item-font-size:40px;--wpz-social-icons-block-item-padding-horizontal:10px;--wpz-social-icons-block-item-padding-vertical:10px;--wpz-social-icons-block-item-margin-horizontal:0px;--wpz-social-icons-block-item-margin-vertical:0px;--wpz-social-icons-block-item-border-radius:0px;--wpz-social-icons-block-label-font-size:15px;--wpz-social-icons-block-label-color:inherit;--wpz-social-icons-block-label-color-hover:#f1f1f1;--wpz-social-icons-alignment:center\"><a href=\"https:\/\/g.page\/Rechtsanwalt Peter Christian J\u00e4hnig - Fachanwalt f\u00fcr Strafrecht und Verkehrsrecht\" class=\"social-icon-link\" title=\"Google\" style=\"--wpz-social-icons-block-item-color:#444140;--wpz-social-icons-block-item-color-hover:#444140\"><span class=\"social-icon socicon socicon-google\"><\/span><span class=\"icon-label\">Google<\/span><\/a><a href=\"https:\/\/www.instagram.com\/rechtsanwalt_jaehnig\/\" class=\"social-icon-link\" title=\"Instagram\" style=\"--wpz-social-icons-block-item-color:#E4405F;--wpz-social-icons-block-item-color-hover:#E4405F\"><span class=\"social-icon socicon socicon-instagram\"><\/span><span class=\"icon-label\">Instagram<\/span><\/a><a href=\"https:\/\/www.facebook.com\/p\/Rechtsanwaltskanzlei-Peter-Christian-J%C3%A4hnig-100033144493943\/\" class=\"social-icon-link\" title=\"Facebook\" style=\"--wpz-social-icons-block-item-color:#1877F2;--wpz-social-icons-block-item-color-hover:#1877F2\"><span class=\"social-icon socicon socicon-facebook\"><\/span><span class=\"icon-label\">Facebook<\/span><\/a><\/div>\n","protected":false},"excerpt":{"rendered":"<p>Herzlich willkommen in der Rechtsanwaltskanzlei Peter Christian J\u00e4hnig Fachanwalt f\u00fcr Strafrecht &#8211; Strafverteidiger Was sind die T\u00e4tigkeitsfelder dieser Rechtsanwalts-Kanzlei? Wir bieten ausschlie\u00dflich die Verteidigung in Strafsachen an. Deshalb werden andere T\u00e4tigkeitsfelder von uns nicht bearbeitet. Das machen wir deshalb, damit wir uns voll dem Strafrecht widmen k\u00f6nnen. Warum sollten Sie sich f\u00fcr uns entscheiden? Sie [&hellip;]<\/p>\n","protected":false},"author":1,"featured_media":0,"parent":0,"menu_order":0,"comment_status":"closed","ping_status":"closed","template":"","meta":{"_monsterinsights_skip_tracking":false,"_monsterinsights_sitenote_active":false,"_monsterinsights_sitenote_note":"","_monsterinsights_sitenote_category":0,"footnotes":""},"class_list":["post-46","page","type-page","status-publish","hentry"],"aioseo_notices":[],"_links":{"self":[{"href":"https:\/\/www.rechtsanwalt-jaehnig.de\/wp\/wp-json\/wp\/v2\/pages\/46"}],"collection":[{"href":"https:\/\/www.rechtsanwalt-jaehnig.de\/wp\/wp-json\/wp\/v2\/pages"}],"about":[{"href":"https:\/\/www.rechtsanwalt-jaehnig.de\/wp\/wp-json\/wp\/v2\/types\/page"}],"author":[{"embeddable":true,"href":"https:\/\/www.rechtsanwalt-jaehnig.de\/wp\/wp-json\/wp\/v2\/users\/1"}],"replies":[{"embeddable":true,"href":"https:\/\/www.rechtsanwalt-jaehnig.de\/wp\/wp-json\/wp\/v2\/comments?post=46"}],"version-history":[{"count":118,"href":"https:\/\/www.rechtsanwalt-jaehnig.de\/wp\/wp-json\/wp\/v2\/pages\/46\/revisions"}],"predecessor-version":[{"id":2681,"href":"https:\/\/www.rechtsanwalt-jaehnig.de\/wp\/wp-json\/wp\/v2\/pages\/46\/revisions\/2681"}],"wp:attachment":[{"href":"https:\/\/www.rechtsanwalt-jaehnig.de\/wp\/wp-json\/wp\/v2\/media?parent=46"}],"curies":[{"name":"wp","href":"https:\/\/api.w.org\/{rel}","templated":true}]}}