{"id":741,"date":"2023-09-19T14:37:27","date_gmt":"2023-09-19T12:37:27","guid":{"rendered":"https:\/\/www.rechtsanwalt-jaehnig.de\/wp\/?page_id=741"},"modified":"2025-12-22T14:30:16","modified_gmt":"2025-12-22T13:30:16","slug":"strafverteidiger-sexualstrafrecht-osnabrueck","status":"publish","type":"page","link":"https:\/\/www.rechtsanwalt-jaehnig.de\/wp\/strafverteidiger-sexualstrafrecht-osnabrueck\/","title":{"rendered":"Sexualstrafrecht"},"content":{"rendered":"\n<p class=\"has-white-color has-text-color has-link-color has-small-font-size wp-elements-31d704c0200b415473075ad00c76dfdc\">strafverteidiger sexualstrafrecht osnabr\u00fcck<\/p>\n\n\n\n<h1 class=\"wp-block-heading has-medium-font-size\">Strafverteidiger im Sexualstrafrecht<\/h1>\n\n\n\n<p>Sie erhalten eine vollumf\u00e4ngliche Beratung und Strafverteidigung bei Vorw\u00fcrfen von Sexualstraftaten. Wir begleiten Sie in Sexualstrafprozessen. <\/p>\n\n\n\n<h2 class=\"wp-block-heading has-medium-font-size\">Schneller und diskreter Beistand bei dem Vorwurf einer Sexualstraftat<\/h2>\n\n\n\n<p>Vertrauen Sie auf unsere Erfahrung und auf die diskrete Behandlung Ihres Anliegens. Wir versuchen schnellstm\u00f6glich, eine zielf\u00fchrende L\u00f6sung Ihres Problems zu finden und die Angelegenheit zum Abschluss zu bringen. Ihnen dabei eine \u00f6ffentliche Gerichtsverhandlung zu ersparen, ist unser oberstes Ziel! <\/p>\n\n\n\n<h3 class=\"wp-block-heading has-medium-font-size\">Analyse Ihres Falles im Sexualstrafrecht<\/h3>\n\n\n\n<p>Bei Vorleigen aller Informationen vorliegen und nach Ihrer Darstellung des Sachverhaltes, erarbeiten wir auf dieser Grundlage eine realistische Einsch\u00e4tzung und eine ma\u00dfgeschneiderte Verteidigungsstrategie.<br><\/p>\n\n\n\n<h2 class=\"wp-block-heading has-medium-font-size\">Verfahrensbegleitung im Sexualstrafrecht<\/h2>\n\n\n\n<p>Sie erhalten bei uns eine l\u00fcckenlose Begleitung und Unterst\u00fctzung in jedem Verfahrensabschnitt . Wir informieren Sie immer \u00fcber den aktuellen Verfahrensstand und \u00fcber die Bedeutung neuerer Erkenntnisse in Ihrem Fall.<\/p>\n\n\n\n<h2 class=\"wp-block-heading has-medium-font-size\">Strafverteidiger Sexualstrafrecht<\/h2>\n\n\n\n<p>Sie erhalten bei uns als Strafverteidiger im Sexualstrafrecht bieten wir unsere Verteidigung und Unterst\u00fctzung bei allen Straftaten gegen die sexuelle Selbstbestimmung an.<\/p>\n\n\n\n<p>Wir haben die h\u00e4ufigsten Straftaten gegen die sexuelle Selbstbestimmung zusammengefast und diese auf eine Unterseite verlinkt. Die Aufz\u00e4hlung dieses Leistungsangebotes ist jedoch keinesfalls abschlie\u00dfend.<\/p>\n\n\n\n<h2 class=\"wp-block-heading has-medium-font-size\">Vergewaltigung und sexueller Missbrauch<\/h2>\n\n\n\n<p>Hier geht es zum Thema <a href=\"https:\/\/www.rechtsanwalt-jaehnig.de\/wp\/vergewaltigung\" title=\"\">Vergewaltigung<\/a> <\/p>\n\n\n\n<p>Hier geht es zum Thema <a href=\"https:\/\/www.rechtsanwalt-jaehnig.de\/wp\/sexuelle-noetigung\" title=\"\">sexuelle N\u00f6tigung<\/a><\/p>\n\n\n\n<p><\/p>\n\n\n\n<h2 class=\"wp-block-heading has-medium-font-size\">Sexueller Missbrauch von Kindern und Schutzbefohlenen <\/h2>\n\n\n\n<p>Info\u00b4s zum Thema <a href=\"https:\/\/www.rechtsanwalt-jaehnig.de\/wp\/sexueller-kindesmissbrauch\" title=\"\">Sexueller Missbrauch von Kindern<\/a><\/p>\n\n\n\n<p>Info\u00b4s zum Thema <a href=\"https:\/\/www.rechtsanwalt-jaehnig.de\/wp\/sexueller-missbrauch-jugendlicher\" title=\"\">Sexueller Missbrauch Jugendlicher<\/a><\/p>\n\n\n\n<p>Info\u00b4s zum Thema <a href=\"https:\/\/www.rechtsanwalt-jaehnig.de\/wp\/sexueller-missbrauch-schutzbefohlener\" title=\"\">Sexueller Missbrauch Schutzbefohlener<\/a><\/p>\n\n\n\n<h2 class=\"wp-block-heading has-medium-font-size\">Sexualstraftaten aus und im Internet<\/h2>\n\n\n\n<p>Erkl\u00e4rung von <a href=\"https:\/\/www.rechtsanwalt-jaehnig.de\/wp\/cybergrooming\" title=\"\">Cybergrooming<\/a><\/p>\n\n\n\n<p>Erkl\u00e4rung der <a href=\"https:\/\/www.rechtsanwalt-jaehnig.de\/wp\/verletzung-des-hoechstpersoenlichen-lebensbereichs\" title=\"\">Verletzung des h\u00f6chstpers\u00f6nlichen Lebensbereich<\/a><\/p>\n\n\n\n<h2 class=\"wp-block-heading has-medium-font-size\">Sexueller \u00dcbergriff und sexuelle Bel\u00e4stigung &#8211; auch aus Gruppen<\/h2>\n\n\n\n<p>Einzelheiten zum Thema <a href=\"https:\/\/www.rechtsanwalt-jaehnig.de\/wp\/sexueller-uebergriff\" title=\"\">sexueller \u00dcbergriff<\/a><\/p>\n\n\n\n<p>Einzelheiten zum Thema <a href=\"https:\/\/www.rechtsanwalt-jaehnig.de\/wp\/sexuelle-belaestigung\" title=\"\">sexuelle Bel\u00e4stigung<\/a><\/p>\n\n\n\n<p>Einzelheiten zum Thema <a href=\"https:\/\/www.rechtsanwalt-jaehnig.de\/wp\/straftaten-aus-personengruppen\" title=\"\">Straftaten aus Personengruppen<\/a><\/p>\n\n\n\n<p>Einzelheiten zum Thema <a href=\"https:\/\/www.rechtsanwalt-jaehnig.de\/wp\/exhibitionismus\" title=\"\">Exhibitionismus<\/a><\/p>\n\n\n\n<p><\/p>\n\n\n\n<h2 class=\"wp-block-heading has-medium-font-size\">Kinderpornographie und Jugendpornografie<\/h2>\n\n\n\n<p>Link zum Thema <a href=\"https:\/\/www.rechtsanwalt-jaehnig.de\/wp\/kinderpornografie\" title=\"\">Besitz und Verbreitung von Kinderpornografie<\/a><\/p>\n\n\n\n<p>Link zum Thema <a href=\"https:\/\/www.rechtsanwalt-jaehnig.de\/wp\/jugendpornografie\" title=\"\">Besitz und Verbreitung von Jugendpornografie<\/a><\/p>\n\n\n\n<h3 class=\"wp-block-heading has-medium-font-size\">Warum ein Strafverteidiger Sexualstrafrecht ?<\/h3>\n\n\n\n<p>Der Vorwurf einer Sexualstraftat kann schwerwiegende Konsequenzen haben. Dies sind nicht nur die strafrechtlichen Konsequenzen wie eine Gef\u00e4ngnisstrafe oder eine Geldstrafe. Es kommen auch Schadensersatzanspr\u00fcche in Betracht. Aber von ganz erheblicher Bedeutung ist auch die Besch\u00e4digung des sozialen Ansehens und des Rufes.<\/p>\n\n\n\n<p>Genau deshalb ist unser Anliegen, dass Ihr Fall so schnell wie m\u00f6glich und so diskret wie n\u00f6tig ohne eine \u00f6ffentliche Gerichtsverhandlung abgeschlossen wird.<\/p>\n\n\n\n<p>Nehmen Sie gerne und unverbindlich Kontakt zu Rechtsanwalt J\u00e4hnig, Fachanwalt f\u00fcr Strafrecht Strafverteidiger aus Osnabr\u00fcck, auf.<\/p>\n\n\n\n<h2 class=\"wp-block-heading has-white-color has-text-color has-link-color has-small-font-size wp-elements-cf66e12297bbf6d6d42ea3ea9e775dc9\">strafverteidiger sexualstrafrecht osnabr\u00fcck<\/h2>\n\n\n\n<h2 class=\"wp-block-heading\"><\/h2>\n\n\n\n<p><\/p>\n\n\n\n<div class=\"wp-block-wpzoom-blocks-social-icons is-style-without-canvas-with-label show-icon-labels-style\" style=\"--wpz-social-icons-block-item-font-size:40px;--wpz-social-icons-block-item-padding-horizontal:10px;--wpz-social-icons-block-item-padding-vertical:10px;--wpz-social-icons-block-item-margin-horizontal:0px;--wpz-social-icons-block-item-margin-vertical:0px;--wpz-social-icons-block-item-border-radius:0px;--wpz-social-icons-block-label-font-size:15px;--wpz-social-icons-block-label-color:inherit;--wpz-social-icons-block-label-color-hover:#f1f1f1;--wpz-social-icons-alignment:center\"><a href=\"https:\/\/g.page\/Rechtsanwalt Peter Christian J\u00e4hnig - Fachanwalt f\u00fcr Strafrecht und Verkehrsrecht\" class=\"social-icon-link\" title=\"Google\" style=\"--wpz-social-icons-block-item-color:#444140;--wpz-social-icons-block-item-color-hover:#444140\"><span class=\"social-icon socicon socicon-google\"><\/span><span class=\"icon-label\">Google<\/span><\/a><a href=\"https:\/\/www.instagram.com\/rechtsanwalt_jaehnig\/\" class=\"social-icon-link\" title=\"Instagram\" style=\"--wpz-social-icons-block-item-color:#E4405F;--wpz-social-icons-block-item-color-hover:#E4405F\"><span class=\"social-icon socicon socicon-instagram\"><\/span><span class=\"icon-label\">Instagram<\/span><\/a><a href=\"https:\/\/www.facebook.com\/p\/Rechtsanwaltskanzlei-Peter-Christian-J%C3%A4hnig-100033144493943\/\" class=\"social-icon-link\" title=\"Facebook\" style=\"--wpz-social-icons-block-item-color:#1877F2;--wpz-social-icons-block-item-color-hover:#1877F2\"><span class=\"social-icon socicon socicon-facebook\"><\/span><span class=\"icon-label\">Facebook<\/span><\/a><\/div>\n","protected":false},"excerpt":{"rendered":"<p>strafverteidiger sexualstrafrecht osnabr\u00fcck Strafverteidiger im Sexualstrafrecht Sie erhalten eine vollumf\u00e4ngliche Beratung und Strafverteidigung bei Vorw\u00fcrfen von Sexualstraftaten. Wir begleiten Sie in Sexualstrafprozessen. Schneller und diskreter Beistand bei dem Vorwurf einer Sexualstraftat Vertrauen Sie auf unsere Erfahrung und auf die diskrete Behandlung Ihres Anliegens. Wir versuchen schnellstm\u00f6glich, eine zielf\u00fchrende L\u00f6sung Ihres Problems zu finden und die [&hellip;]<\/p>\n","protected":false},"author":1,"featured_media":0,"parent":0,"menu_order":0,"comment_status":"closed","ping_status":"closed","template":"","meta":{"_monsterinsights_skip_tracking":false,"_monsterinsights_sitenote_active":false,"_monsterinsights_sitenote_note":"","_monsterinsights_sitenote_category":0,"footnotes":""},"class_list":["post-741","page","type-page","status-publish","hentry"],"aioseo_notices":[],"_links":{"self":[{"href":"https:\/\/www.rechtsanwalt-jaehnig.de\/wp\/wp-json\/wp\/v2\/pages\/741"}],"collection":[{"href":"https:\/\/www.rechtsanwalt-jaehnig.de\/wp\/wp-json\/wp\/v2\/pages"}],"about":[{"href":"https:\/\/www.rechtsanwalt-jaehnig.de\/wp\/wp-json\/wp\/v2\/types\/page"}],"author":[{"embeddable":true,"href":"https:\/\/www.rechtsanwalt-jaehnig.de\/wp\/wp-json\/wp\/v2\/users\/1"}],"replies":[{"embeddable":true,"href":"https:\/\/www.rechtsanwalt-jaehnig.de\/wp\/wp-json\/wp\/v2\/comments?post=741"}],"version-history":[{"count":23,"href":"https:\/\/www.rechtsanwalt-jaehnig.de\/wp\/wp-json\/wp\/v2\/pages\/741\/revisions"}],"predecessor-version":[{"id":1713,"href":"https:\/\/www.rechtsanwalt-jaehnig.de\/wp\/wp-json\/wp\/v2\/pages\/741\/revisions\/1713"}],"wp:attachment":[{"href":"https:\/\/www.rechtsanwalt-jaehnig.de\/wp\/wp-json\/wp\/v2\/media?parent=741"}],"curies":[{"name":"wp","href":"https:\/\/api.w.org\/{rel}","templated":true}]}}